{"id":200,"date":"2018-03-28T09:30:03","date_gmt":"2018-03-28T02:30:03","guid":{"rendered":"http:\/\/webraothue.com\/HoangCuong\/03\/hyundaisantafe\/?post_type=product&#038;p=200"},"modified":"2018-03-30T14:26:22","modified_gmt":"2018-03-30T07:26:22","slug":"xe-hyundai-santafe-2018-2","status":"publish","type":"product","link":"https:\/\/c370-hyundaisantafevn.com-vn.net\/?product=xe-hyundai-santafe-2018-2","title":{"rendered":"Hyundai Santafe b\u1ea3n th\u01b0\u1eddng m\u00e1y d\u1ea7u"},"content":{"rendered":"<div class=\"txt\">\n<div>\n<div>\n<div>\n<p style=\"text-align: left;\">Lorem ipsum dolor sit amet, consectetur adipisicing elit, sed do eiusmod tempor incididunt ut labore et dolore magna aliqua. Ut enim ad minim veniam, quis nostrud exercitation ullamco laboris nisi ut aliquip ex ea commodo consequat. Duis aute irure dolor in reprehenderit in voluptate velit esse cillum dolore eu fugiat nulla pariatur. Excepteur sint occaecat cupidatat non proident, sunt in culpa qui officia deserunt mollit anim id est laborum<\/p>\n<p>Lorem ipsum dolor sit amet, consectetur adipisicing elit, sed do eiusmod tempor incididunt ut labore et dolore magna aliqua. Ut enim ad minim veniam, quis nostrud exercitation ullamco laboris nisi ut aliquip ex ea commodo consequat. Duis aute irure dolor in reprehenderit in voluptate velit esse cillum dolore eu fugiat nulla pariatur. Excepteur sint occaecat cupidatat non proident, sunt in culpa qui officia deserunt mollit anim id est laborum<\/p>\n<p>Lorem ipsum dolor sit amet, consectetur adipisicing elit, sed do eiusmod tempor incididunt ut labore et dolore magna aliqua. Ut enim ad minim veniam, quis nostrud exercitation ullamco laboris nisi ut aliquip ex ea commodo consequat. Duis aute irure dolor in reprehenderit in voluptate velit esse cillum dolore eu fugiat nulla pariatur. Excepteur sint occaecat cupidatat non proident, sunt in culpa qui officia deserunt mollit anim id est laborum<\/p>\n<p>Lorem ipsum dolor sit amet, consectetur adipisicing elit, sed do eiusmod tempor incididunt ut labore et dolore magna aliqua. Ut enim ad minim veniam, quis nostrud exercitation ullamco laboris nisi ut aliquip ex ea commodo consequat. Duis aute irure dolor in reprehenderit in voluptate velit esse cillum dolore eu fugiat nulla pariatur. Excepteur sint occaecat cupidatat non proident, sunt in culpa qui officia deserunt mollit anim id est laborum<\/p>\n<\/div>\n<div>\n<div>\n<div class=\"col-sm-12 col-xs-12 no-padding\">\n<div class=\"col-sm-6 col-xs-12\">\n<div><\/div>\n<\/div>\n<\/div>\n<\/div>\n<\/div>\n<\/div>\n<\/div>\n<\/div>\n","protected":false},"excerpt":{"rendered":"<p><span style=\"font-size: 18px; color: #e5262e; text-transform: uppercase;\">T\u1ea1i sao b\u1ea1n n\u00ean ch\u1ecdn ch\u00fang t\u00f4i ?<\/span><\/p>\n<ul>\n<li>Cam k\u1ebft 100% g\u1ed7 t\u1ef1 nhi\u00ean kh\u00f4ng pha t\u1ea1p.<\/li>\n<li>Ph\u1ee5 ki\u1ec7n b\u1ea3o h\u00e0nh ch\u00ednh h\u00e3ng.Gi\u00e1 t\u1ed1t nh\u1ea5t .<\/li>\n<li>Mi\u1ec5n ph\u00ed thi\u1ebft k\u1ebf 3D.<\/li>\n<li>Mi\u1ec5n ph\u00ed giao h\u00e0ng n\u1ed9i th\u00e0nh H\u00e0 N\u1ed9i,TP H\u1ed3 Ch\u00ed Minh.<\/li>\n<li>Giao h\u00e0ng v\u00e0 b\u1ea3o h\u00e0nh t\u1ea1i nh\u00e0<\/li>\n<li>B\u1ea3o h\u00e0nh s\u1ea3n ph\u1ea9m 2 n\u0103m, b\u00e0o tr\u00ec tr\u1ecdn \u0111\u1eddi s\u1ea3n ph\u1ea9m<\/li>\n<\/ul>\n","protected":false},"featured_media":238,"comment_status":"open","ping_status":"closed","template":"","meta":[],"_links":{"self":[{"href":"https:\/\/c370-hyundaisantafevn.com-vn.net\/index.php?rest_route=\/wp\/v2\/product\/200"}],"collection":[{"href":"https:\/\/c370-hyundaisantafevn.com-vn.net\/index.php?rest_route=\/wp\/v2\/product"}],"about":[{"href":"https:\/\/c370-hyundaisantafevn.com-vn.net\/index.php?rest_route=\/wp\/v2\/types\/product"}],"replies":[{"embeddable":true,"href":"https:\/\/c370-hyundaisantafevn.com-vn.net\/index.php?rest_route=%2Fwp%2Fv2%2Fcomments&post=200"}],"wp:featuredmedia":[{"embeddable":true,"href":"https:\/\/c370-hyundaisantafevn.com-vn.net\/index.php?rest_route=\/wp\/v2\/media\/238"}],"wp:attachment":[{"href":"https:\/\/c370-hyundaisantafevn.com-vn.net\/index.php?rest_route=%2Fwp%2Fv2%2Fmedia&parent=200"}],"curies":[{"name":"wp","href":"https:\/\/api.w.org\/{rel}","templated":true}]}}